{"id":2,"date":"2025-03-15T21:43:26","date_gmt":"2025-03-15T20:43:26","guid":{"rendered":"http:\/\/mgfotogrucka.pl\/?page_id=2"},"modified":"2026-03-20T18:46:54","modified_gmt":"2026-03-20T17:46:54","slug":"przykladowa-strona","status":"publish","type":"page","link":"https:\/\/mgfotogrucka.pl\/","title":{"rendered":"Poznaj nasze laboratorium &#8211; WPS MG Foto Grucka"},"content":{"rendered":"<div data-colibri-id=\"2-c1\" class=\"style-317 style-local-2-c1 position-relative\">\n  <!----><\/p>\n<div data-colibri-component=\"section\" data-colibri-id=\"2-c2\" id=\"initial-content\" class=\"h-section h-section-global-spacing d-flex align-items-lg-center align-items-md-center align-items-center style-318 style-local-2-c2 position-relative\">\n    <!----><br \/>\n    <!----><\/p>\n<div class=\"h-section-grid-container h-section-boxed-container\">\n      <!----><\/p>\n<div data-colibri-id=\"2-c3\" class=\"h-row-container gutters-row-lg-2 gutters-row-md-2 gutters-row-0 gutters-row-v-lg-2 gutters-row-v-md-2 gutters-row-v-2 style-319 style-local-2-c3 position-relative\">\n        <!----><\/p>\n<div class=\"h-row justify-content-lg-center justify-content-md-center justify-content-center align-items-lg-stretch align-items-md-stretch align-items-stretch gutters-col-lg-2 gutters-col-md-2 gutters-col-0 gutters-col-v-lg-2 gutters-col-v-md-2 gutters-col-v-2\">\n          <!----><\/p>\n<div class=\"h-column h-column-container d-flex h-col-lg-auto h-col-md-auto h-col-auto style-320-outer style-local-2-c4-outer\">\n<div data-colibri-id=\"2-c4\" class=\"d-flex h-flex-basis h-column__inner h-px-lg-2 h-px-md-2 h-px-2 v-inner-lg-2 v-inner-md-2 v-inner-2 style-320 style-local-2-c4 position-relative\">\n              <!----><br \/>\n              <!----><\/p>\n<div class=\"w-100 h-y-container h-column__content h-column__v-align flex-basis-100 align-self-lg-start align-self-md-start align-self-start\">\n                <!----><\/p>\n<div data-colibri-id=\"2-c5\" class=\"style-321 style-local-2-c5 position-relative h-element\">\n                  <!----><\/p>\n<div>\n\n\n<p>Poznaj nasze laboratorium &#8211; WPS MG Foto Grucka<\/p>\n\n\n\n<p>Fujifilm od lat wsp\u00f3\u0142pracuje z najlepszymi laboratoriami fotograficznymi w Polsce, kt\u00f3re mog\u0105 poszczyci\u0107 si\u0119 nie tylko bogat\u0105 ofert\u0105 foto produkt\u00f3w, ale przede wszystkim wieloletnim do\u015bwiadczeniem, kt\u00f3re przek\u0142ada si\u0119 na znakomit\u0105 jako\u015b\u0107 us\u0142ug. Jednym z takich punkt\u00f3w jest Wonder Photo Shop MG Foto Grucka, funkcjonuj\u0105cy w Pszczynie od 1987 r. I cho\u0107 pocz\u0105tki bywa\u0142y trudne, a \u017cycie w czasach komunizmu nie nale\u017ca\u0142o do naj\u0142atwiejszych, w\u0142a\u015bciciel laboratorium &#8211; Marek Grucka &#8211; doskonale wiedzia\u0142, na co si\u0119 pisze i spe\u0142ni\u0142 marzenie o swoim w\u0142asnym laboratorium fotograficznym, kt\u00f3re z pasj\u0105 i entuzjazmem prowadzi do dzi\u015b. <strong><mark style=\"background-color:rgba(0, 0, 0, 0)\" class=\"has-inline-color has-cyan-bluish-gray-color\"><a href=\"https:\/\/foto.fujifilm.pl\/poradnik\/poznaj-nasze-kolejne-laboratorium-wps-mg-foto-grucka\">Zapraszamy do lektury<\/a>.<\/mark><\/strong><\/p>\n\n\n<\/div>\n<\/div>\n<\/div>\n<\/div>\n<\/div>\n<\/div>\n<\/div>\n<\/div>\n<\/div>\n<\/div>\n\n\n<figure class=\"wp-block-image size-full is-resized\"><img loading=\"lazy\" decoding=\"async\" width=\"1323\" height=\"294\" src=\"https:\/\/mgfotogrucka.pl\/wp-content\/uploads\/2025\/03\/cropped-logo-mgfoto-scaled-1.jpg\" alt=\"\" class=\"wp-image-191\" style=\"width:219px;height:auto\" srcset=\"https:\/\/mgfotogrucka.pl\/wp-content\/uploads\/2025\/03\/cropped-logo-mgfoto-scaled-1.jpg 1323w, https:\/\/mgfotogrucka.pl\/wp-content\/uploads\/2025\/03\/cropped-logo-mgfoto-scaled-1-300x67.jpg 300w, https:\/\/mgfotogrucka.pl\/wp-content\/uploads\/2025\/03\/cropped-logo-mgfoto-scaled-1-1024x228.jpg 1024w, https:\/\/mgfotogrucka.pl\/wp-content\/uploads\/2025\/03\/cropped-logo-mgfoto-scaled-1-768x171.jpg 768w\" sizes=\"auto, (max-width: 1323px) 100vw, 1323px\" \/><\/figure>\n\n\n\n<p><\/p>\n","protected":false},"excerpt":{"rendered":"<p>Poznaj nasze laboratorium &#8211; WPS MG Foto Grucka Fujifilm od lat wsp\u00f3\u0142pracuje z [&hellip;]<\/p>\n","protected":false},"author":1,"featured_media":0,"parent":0,"menu_order":0,"comment_status":"closed","ping_status":"open","template":"page-templates\/full-width-page.php","meta":{"footnotes":""},"class_list":["post-2","page","type-page","status-publish","hentry"],"_links":{"self":[{"href":"https:\/\/mgfotogrucka.pl\/index.php?rest_route=\/wp\/v2\/pages\/2","targetHints":{"allow":["GET"]}}],"collection":[{"href":"https:\/\/mgfotogrucka.pl\/index.php?rest_route=\/wp\/v2\/pages"}],"about":[{"href":"https:\/\/mgfotogrucka.pl\/index.php?rest_route=\/wp\/v2\/types\/page"}],"author":[{"embeddable":true,"href":"https:\/\/mgfotogrucka.pl\/index.php?rest_route=\/wp\/v2\/users\/1"}],"replies":[{"embeddable":true,"href":"https:\/\/mgfotogrucka.pl\/index.php?rest_route=%2Fwp%2Fv2%2Fcomments&post=2"}],"version-history":[{"count":8,"href":"https:\/\/mgfotogrucka.pl\/index.php?rest_route=\/wp\/v2\/pages\/2\/revisions"}],"predecessor-version":[{"id":222,"href":"https:\/\/mgfotogrucka.pl\/index.php?rest_route=\/wp\/v2\/pages\/2\/revisions\/222"}],"wp:attachment":[{"href":"https:\/\/mgfotogrucka.pl\/index.php?rest_route=%2Fwp%2Fv2%2Fmedia&parent=2"}],"curies":[{"name":"wp","href":"https:\/\/api.w.org\/{rel}","templated":true}]}}